{"id":95,"date":"2020-11-09T19:53:08","date_gmt":"2020-11-09T18:53:08","guid":{"rendered":"http:\/\/www.autitools.com\/autitools\/?page_id=95"},"modified":"2025-11-11T18:09:07","modified_gmt":"2025-11-11T17:09:07","slug":"f-a-q","status":"publish","type":"page","link":"https:\/\/www.autitools.eu\/index.php\/f-a-q\/","title":{"rendered":"F.A.Q."},"content":{"rendered":"\n<p>Ce site diffuse la plupart des livres \u00e9dit\u00e9s par AFD dans un format num\u00e9rique permettant de les lire sur des liseuses standard, des tablettes, ou des ordinateurs. Si vous cherchez les ouvrages au format papier allez sur le site www.autismediffusion.com<\/p>\n\n\n\n<p>Il existe 2 types de livres \u00e9lectroniques :<\/p>\n\n\n\n<ul id=\"block-c703e50b-1fd0-418d-8268-e46b040ccc51\" class=\"wp-block-list\">\n<li>les fichiers <strong>PDF<\/strong> Ce type de fichier conserve la mise en forme du livre original, dont la police, les images, les graphiques.\u00a0Ces livres sont plus facilement lisibles sur des appareils qui ont des \u00e9crans relativement grands comme des tablettes ou des ordinateurs.\u00a0<\/li>\n\n\n\n<li>les <strong>Ebooks<\/strong> : ces livres sont adaptables \u00e0 la taille des \u00e9crans et le lecteur peut modifier la taille des caract\u00e8res. Outre les tablettes, ils sont lisibles par les \u00ab\u00a0liseuses\u00a0\u00bb. Le principal standards de fichiers ebooks\u00a0est\u00a0\u00a0le format \u00ab EPub \u00bb, <\/li>\n\n\n\n<li>Tous les ebooks sont pr\u00e9sent\u00e9s sous les deux formats\u00a0: Pour chaque livre\u00a0<strong>choisissez l&rsquo;option<\/strong>\u00a0qui vous convient.<\/li>\n<\/ul>\n\n\n\n<p>Quelques trucs pour vous faciliter la vie .<\/p>\n\n\n\n<p>TELECHARGEMENT<\/p>\n\n\n\n<p>Quand vous t\u00e9l\u00e9chargez un fichier \u00e0 partir du site autitools.com, le fichier. epub se retrouve dans le dossier \u00ab t\u00e9l\u00e9chargement \u00bb de votre ordinateur.<\/p>\n\n\n\n<p>KINDLE<\/p>\n\n\n\n<p>Pour utiliser votre liseuse Kindle apr\u00e8s avoir t\u00e9l\u00e9charg\u00e9 le fichier .epub sur votre ordinateur : t\u00e9l\u00e9chargez le logiciel gratuit d\u2019Amazon\u00a0<a href=\"https:\/\/www.amazon.fr\/sendtokindle\">https:\/\/www.amazon.fr\/sendtokindle<\/a> \u00a0(version Windows ou Mac suivant le cas), indiquez sur celui-ci votre login et mot de passe Amazon, puis faites glisser le fichier .epub sur \u00ab\u00a0drop your file here\u00a0\u00bb . Et c\u2019est tout, votre livre se retrouve sur votre liseuse Kindle.<\/p>\n\n\n\n<p>AUTRES LISEUSES<\/p>\n\n\n\n<p>Elles sont g\u00e9n\u00e9ralement livr\u00e9es avec un logiciel \u00e0 charger sur votre ordinateur. Il faut connecter la liseuse \u00e0 l\u2019ordinateur, puis faire glisser le fichier \u00ab&nbsp;epub&nbsp;\u00bb qui est dans le dossier \u00ab&nbsp;t\u00e9l\u00e9chargement&nbsp;\u00bb vers l\u2019ic\u00f4ne de la liseuse qui est sur le bureau de l\u2019ordinateur.<\/p>\n\n\n\n<p>APPLE<\/p>\n\n\n\n<p>&nbsp;Sur un ordinateur Apple, il suffit de cliquer sur le fichier qui appara\u00eetra automatiquement dans le logiciel \u00ab livre \u00bb. Vous le retrouverez automatiquement sur toutes vos tablettes ou t\u00e9l\u00e9phones Apple li\u00e9s.<\/p>\n\n\n\n<p>WINDOWS<\/p>\n\n\n\n<p>Sur Windows, il n\u2019y a pas de liseuse eBook automatiquement install\u00e9e. Il faut donc en t\u00e9l\u00e9charger une. Sur le Windows store cherchez \u00ab&nbsp;ebook reader&nbsp;\u00bb vous en trouverez de nombreuses propos\u00e9es gratuitement. Freda, par exemple, fonctionne tr\u00e8s bien.<\/p>\n\n\n\n<p>ANDROID<\/p>\n\n\n\n<p>Sur Android non plus, il n\u2019y a pas de liseuse eBook automatiquement install\u00e9e. Il faut donc en t\u00e9l\u00e9charger une. Sur le google store cherchez \u00ab&nbsp;ebook reader&nbsp;\u00bb vous en trouverez de nombreuses propos\u00e9es gratuitement. ReadEra par exemple, fonctionne tr\u00e8s bien<\/p>\n","protected":false},"excerpt":{"rendered":"<p>Ce site diffuse la plupart des livres \u00e9dit\u00e9s par AFD dans un format num\u00e9rique permettant de les lire sur des liseuses standard, des tablettes, ou des ordinateurs. Si vous cherchez les ouvrages au format papier allez sur le site www.autismediffusion.com Il existe 2 types de livres \u00e9lectroniques : Quelques trucs pour vous faciliter la vie [&hellip;]<\/p>\n","protected":false},"author":1,"featured_media":0,"parent":0,"menu_order":0,"comment_status":"closed","ping_status":"closed","template":"","meta":{"footnotes":""},"class_list":["post-95","page","type-page","status-publish","hentry"],"jetpack_sharing_enabled":true,"_links":{"self":[{"href":"https:\/\/www.autitools.eu\/index.php\/wp-json\/wp\/v2\/pages\/95","targetHints":{"allow":["GET"]}}],"collection":[{"href":"https:\/\/www.autitools.eu\/index.php\/wp-json\/wp\/v2\/pages"}],"about":[{"href":"https:\/\/www.autitools.eu\/index.php\/wp-json\/wp\/v2\/types\/page"}],"author":[{"embeddable":true,"href":"https:\/\/www.autitools.eu\/index.php\/wp-json\/wp\/v2\/users\/1"}],"replies":[{"embeddable":true,"href":"https:\/\/www.autitools.eu\/index.php\/wp-json\/wp\/v2\/comments?post=95"}],"version-history":[{"count":7,"href":"https:\/\/www.autitools.eu\/index.php\/wp-json\/wp\/v2\/pages\/95\/revisions"}],"predecessor-version":[{"id":827,"href":"https:\/\/www.autitools.eu\/index.php\/wp-json\/wp\/v2\/pages\/95\/revisions\/827"}],"wp:attachment":[{"href":"https:\/\/www.autitools.eu\/index.php\/wp-json\/wp\/v2\/media?parent=95"}],"curies":[{"name":"wp","href":"https:\/\/api.w.org\/{rel}","templated":true}]}}