{"id":202,"date":"2020-11-25T20:25:10","date_gmt":"2020-11-25T19:25:10","guid":{"rendered":"https:\/\/www.autitools.eu\/?post_type=product&#038;p=202"},"modified":"2025-11-11T18:52:37","modified_gmt":"2025-11-11T17:52:37","slug":"questions-sensorielles-et-perceptives-dans-lautisme-et-le-syndrome-dasperger-o-bogdashina","status":"publish","type":"product","link":"https:\/\/www.autitools.eu\/index.php\/produit\/questions-sensorielles-et-perceptives-dans-lautisme-et-le-syndrome-dasperger-o-bogdashina\/","title":{"rendered":"Questions de perception sensorielle dans l&rsquo;autisme et le syndrome d&rsquo;Asperger O. Bogdashina"},"content":{"rendered":"<p>Enti\u00e8rement r\u00e9vis\u00e9 et actualis\u00e9, ce livre se concentre sur les exp\u00e9riences de perception sensorielle et de sensibilit\u00e9 observ\u00e9es dans le spectre du syndrome autistique ainsi que les cons\u00e9quences sur le fonctionnement cognitif.<br \/>\nBien que fr\u00e9quemment identifi\u00e9es par les personnes avec autisme comme l&rsquo;un des principaux probl\u00e8mes auxquels elles sont confront\u00e9es, les questions de perception sensorielle sont encore souvent n\u00e9glig\u00e9es par les professionnels. Mis \u00e0 jour \u00e0 partir de recherches et de r\u00e9flexions actuelles, ce livre traite de l&rsquo;\u00e9valuation et de l&rsquo;intervention et formule des recommandations pratiques pour s\u00e9lectionner les m\u00e9thodes et techniques appropri\u00e9es afin d&rsquo;\u00e9liminer les probl\u00e8mes de perception sensorielle et de consolider les forces individuelles.<\/p>\n","protected":false},"excerpt":{"rendered":"<p>Enti\u00e8rement r\u00e9vis\u00e9 et actualis\u00e9, ce livre se concentre sur les exp\u00e9riences de perception sensorielle et de sensibilit\u00e9 observ\u00e9es dans le spectre du syndrome autistique ainsi que les cons\u00e9quences sur le fonctionnement cognitif. Bien que fr\u00e9quemment identifi\u00e9es par les personnes avec autisme comme l&rsquo;un des principaux probl\u00e8mes auxquels elles sont confront\u00e9es, les questions de perception sensorielle [&hellip;]<\/p>\n","protected":false},"featured_media":208,"template":"","meta":[],"product_brand":[],"product_cat":[16,27,19],"product_tag":[],"class_list":{"0":"post-202","1":"product","2":"type-product","3":"status-publish","4":"has-post-thumbnail","6":"product_cat-asperger","7":"product_cat-problemes-sensoriels","8":"product_cat-tous","10":"first","11":"instock","12":"taxable","13":"shipping-taxable","14":"purchasable","15":"product-type-variable"},"jetpack_sharing_enabled":true,"_links":{"self":[{"href":"https:\/\/www.autitools.eu\/index.php\/wp-json\/wp\/v2\/product\/202","targetHints":{"allow":["GET"]}}],"collection":[{"href":"https:\/\/www.autitools.eu\/index.php\/wp-json\/wp\/v2\/product"}],"about":[{"href":"https:\/\/www.autitools.eu\/index.php\/wp-json\/wp\/v2\/types\/product"}],"wp:featuredmedia":[{"embeddable":true,"href":"https:\/\/www.autitools.eu\/index.php\/wp-json\/wp\/v2\/media\/208"}],"wp:attachment":[{"href":"https:\/\/www.autitools.eu\/index.php\/wp-json\/wp\/v2\/media?parent=202"}],"wp:term":[{"taxonomy":"product_brand","embeddable":true,"href":"https:\/\/www.autitools.eu\/index.php\/wp-json\/wp\/v2\/product_brand?post=202"},{"taxonomy":"product_cat","embeddable":true,"href":"https:\/\/www.autitools.eu\/index.php\/wp-json\/wp\/v2\/product_cat?post=202"},{"taxonomy":"product_tag","embeddable":true,"href":"https:\/\/www.autitools.eu\/index.php\/wp-json\/wp\/v2\/product_tag?post=202"}],"curies":[{"name":"wp","href":"https:\/\/api.w.org\/{rel}","templated":true}]}}