{"id":211,"date":"2020-11-30T18:11:35","date_gmt":"2020-11-30T17:11:35","guid":{"rendered":"https:\/\/www.autitools.eu\/?post_type=product&#038;p=211"},"modified":"2025-11-11T18:48:36","modified_gmt":"2025-11-11T17:48:36","slug":"les-sessad-autisme-o-ramos-c-treese-daquin","status":"publish","type":"product","link":"https:\/\/www.autitools.eu\/index.php\/produit\/les-sessad-autisme-o-ramos-c-treese-daquin\/","title":{"rendered":"Les SESSAD AUTISME O. Ramos C. Treese Daquin"},"content":{"rendered":"<p>Les SESSAD AUTISME, deuxi\u00e8me \u00e9dition<br \/>\nLes auteurs dressent un \u00e9tat des lieux de l&rsquo;existence du fonctionnement des SESSAD AUTISME en France. Ces services participent \u00e0 l&rsquo;accompagnement des enfants et adolescents atteints d\u2019autisme et des TSA accueillis en ULIS \u00ab\u00a0autisme\u00a0\u00bb ainsi qu&rsquo;\u00e0 l\u2019accompagnement de leur famille. Les SESSAD AUTISME participent aussi \u00e0 leur accompagnement en inclusion scolaire, sociale, et \u00e0 domicile.<br \/>\nCet ouvrage est une approche du comportement de la personnes atteintes d&rsquo;autisme ainsi que de l&rsquo;accompagnement sp\u00e9cifique qu&rsquo;elle est en droit d&rsquo;attendre et que peut lui apporter un service ambulatoire.<br \/>\nLa premi\u00e8re version de ce livre datait de 2009, il \u00e9tait temps de l&rsquo;actualiser.<br \/>\nCe livre s&rsquo;adresse aux familles, aux diff\u00e9rents professionnels s&rsquo;occupant des personnes avec autisme, aux responsables administratifs qui, dans leurs diff\u00e9rents niveaux de d\u00e9cision, pourront prendre celles qui sont les mieux adapt\u00e9s aux besoins de cette population mais aussi \u00e0 toutes les personnes int\u00e9ress\u00e9es par le suivi et l&rsquo;accompagnement des personnes atteintes d\u2019autisme.<\/p>\n","protected":false},"excerpt":{"rendered":"<p>Les SESSAD AUTISME, deuxi\u00e8me \u00e9dition Les auteurs dressent un \u00e9tat des lieux de l&rsquo;existence du fonctionnement des SESSAD AUTISME en France. Ces services participent \u00e0 l&rsquo;accompagnement des enfants et adolescents atteints d\u2019autisme et des TSA accueillis en ULIS \u00ab\u00a0autisme\u00a0\u00bb ainsi qu&rsquo;\u00e0 l\u2019accompagnement de leur famille. Les SESSAD AUTISME participent aussi \u00e0 leur accompagnement en inclusion [&hellip;]<\/p>\n","protected":false},"featured_media":216,"template":"","meta":[],"product_brand":[],"product_cat":[26,25,28,19],"product_tag":[],"class_list":{"0":"post-211","1":"product","2":"type-product","3":"status-publish","4":"has-post-thumbnail","6":"product_cat-collaboration-parents-professionnels","7":"product_cat-education","8":"product_cat-nouveautes","9":"product_cat-tous","11":"first","12":"instock","13":"taxable","14":"shipping-taxable","15":"purchasable","16":"product-type-variable"},"jetpack_sharing_enabled":true,"_links":{"self":[{"href":"https:\/\/www.autitools.eu\/index.php\/wp-json\/wp\/v2\/product\/211","targetHints":{"allow":["GET"]}}],"collection":[{"href":"https:\/\/www.autitools.eu\/index.php\/wp-json\/wp\/v2\/product"}],"about":[{"href":"https:\/\/www.autitools.eu\/index.php\/wp-json\/wp\/v2\/types\/product"}],"wp:featuredmedia":[{"embeddable":true,"href":"https:\/\/www.autitools.eu\/index.php\/wp-json\/wp\/v2\/media\/216"}],"wp:attachment":[{"href":"https:\/\/www.autitools.eu\/index.php\/wp-json\/wp\/v2\/media?parent=211"}],"wp:term":[{"taxonomy":"product_brand","embeddable":true,"href":"https:\/\/www.autitools.eu\/index.php\/wp-json\/wp\/v2\/product_brand?post=211"},{"taxonomy":"product_cat","embeddable":true,"href":"https:\/\/www.autitools.eu\/index.php\/wp-json\/wp\/v2\/product_cat?post=211"},{"taxonomy":"product_tag","embeddable":true,"href":"https:\/\/www.autitools.eu\/index.php\/wp-json\/wp\/v2\/product_tag?post=211"}],"curies":[{"name":"wp","href":"https:\/\/api.w.org\/{rel}","templated":true}]}}