{"id":220,"date":"2020-11-30T18:42:04","date_gmt":"2020-11-30T17:42:04","guid":{"rendered":"https:\/\/www.autitools.eu\/?post_type=product&#038;p=220"},"modified":"2025-11-11T18:47:15","modified_gmt":"2025-11-11T17:47:15","slug":"autisme-et-culture-c-treese-daquin","status":"publish","type":"product","link":"https:\/\/www.autitools.eu\/index.php\/produit\/autisme-et-culture-c-treese-daquin\/","title":{"rendered":"Autisme et Culture. C. Treese-Daquin"},"content":{"rendered":"<p>En th\u00e9orie, le trouble autistique comporte un certain nombre de troubles cognitifs plus ou moins importants selon les individus qui pourraient, \u00e0 priori, rendre difficile leur acc\u00e8s \u00e0 des activit\u00e9s artistiques et \u00e0 la culture. N\u00e9anmoins, en pratique, nous constatons qu\u2019\u00e0 contrario non seulement leurs particularit\u00e9s sensorielles mais aussi leurs capacit\u00e9s mn\u00e9siques notamment dans le registre auditif et visuel favorisent largement leurs \u00e9panouissements dans les activit\u00e9s artistiques et culturelles. Ceci traduit bien leur forte sensibilit\u00e9 dans des domaines inattendus. Il est vrai que malgr\u00e9 les recherches actuelles un certain nombre des caract\u00e9ristiques de la pens\u00e9e autistique nous \u00e9chappent compl\u00e8tement.<br \/>\nL\u2019exp\u00e9rience de longue date de Madame Catherine TREESE-DAQUIN dans le suivi et l\u2019accompagnement des personnes avec autisme a largement facilit\u00e9 son travail de mise en situation de personnes avec autisme dans des activit\u00e9s culturelles. Sa forte sensibilit\u00e9 personnelle a logiquement favoris\u00e9 l\u2019ad\u00e9quation des activit\u00e9s qu\u2019elle a propos\u00e9es aux difficult\u00e9s mais aussi aux comp\u00e9tences des autistes.<\/p>\n","protected":false},"excerpt":{"rendered":"<p>Ami lecteur qui tenez ce livre petit en taille et au titre discret, songez qu\u2019il ne nous propose pas moins que ce que la plupart des gens, sp\u00e9cialistes compris, consid\u00e8rent comme rigoureusement impossible : faire d\u00e9couvrir et appr\u00e9cier le patrimoine culturel par des personnes autistes dites \u00ab d\u00e9ficientes \u00bb.<br \/>\nDr Josef Schovanec,<\/p>\n","protected":false},"featured_media":226,"template":"","meta":[],"product_brand":[],"product_cat":[26,25,19],"product_tag":[],"class_list":{"0":"post-220","1":"product","2":"type-product","3":"status-publish","4":"has-post-thumbnail","6":"product_cat-collaboration-parents-professionnels","7":"product_cat-education","8":"product_cat-tous","10":"first","11":"instock","12":"taxable","13":"shipping-taxable","14":"purchasable","15":"product-type-variable"},"jetpack_sharing_enabled":true,"_links":{"self":[{"href":"https:\/\/www.autitools.eu\/index.php\/wp-json\/wp\/v2\/product\/220","targetHints":{"allow":["GET"]}}],"collection":[{"href":"https:\/\/www.autitools.eu\/index.php\/wp-json\/wp\/v2\/product"}],"about":[{"href":"https:\/\/www.autitools.eu\/index.php\/wp-json\/wp\/v2\/types\/product"}],"wp:featuredmedia":[{"embeddable":true,"href":"https:\/\/www.autitools.eu\/index.php\/wp-json\/wp\/v2\/media\/226"}],"wp:attachment":[{"href":"https:\/\/www.autitools.eu\/index.php\/wp-json\/wp\/v2\/media?parent=220"}],"wp:term":[{"taxonomy":"product_brand","embeddable":true,"href":"https:\/\/www.autitools.eu\/index.php\/wp-json\/wp\/v2\/product_brand?post=220"},{"taxonomy":"product_cat","embeddable":true,"href":"https:\/\/www.autitools.eu\/index.php\/wp-json\/wp\/v2\/product_cat?post=220"},{"taxonomy":"product_tag","embeddable":true,"href":"https:\/\/www.autitools.eu\/index.php\/wp-json\/wp\/v2\/product_tag?post=220"}],"curies":[{"name":"wp","href":"https:\/\/api.w.org\/{rel}","templated":true}]}}