{"id":234,"date":"2020-12-01T19:21:18","date_gmt":"2020-12-01T18:21:18","guid":{"rendered":"https:\/\/www.autitools.eu\/?post_type=product&#038;p=234"},"modified":"2025-11-11T18:43:22","modified_gmt":"2025-11-11T17:43:22","slug":"excentriques-phenomenes-et-syndrome-dasperger-l-jackson","status":"publish","type":"product","link":"https:\/\/www.autitools.eu\/index.php\/produit\/excentriques-phenomenes-et-syndrome-dasperger-l-jackson\/","title":{"rendered":"Excentriques, Ph\u00e9nom\u00e8nes et Syndrome d\u2019Asperger. L.Jackson"},"content":{"rendered":"<p>Enfin, voil\u00e0 un livre pour les adolescents atteints du syndrome d\u2019Asperger, \u00e9crit par un adolescent de treize ans, lui-m\u00eame diagnostiqu\u00e9 Asperger. Luke Jackson est un expert pour tout ce qui rel\u00e8ve des challenges impos\u00e9s \u00e0 ses pairs. Il passe en revue tous les sujets, depuis le bien fond\u00e9 d\u2019une explication personnalis\u00e9e du diagnostic jusqu\u2019aux exp\u00e9riences malheureuses de harc\u00e8lement et les premiers rendez-vous amoureux.<br \/>\nMa r\u00e9action \u00e0 la lecture de ce livre va de la simple admiration pour cette capacit\u00e9 remarquable \u00e0 d\u00e9crire avec \u00e9loquence des moments typiques de la vie quotidienne, \u00e0 une r\u00e9elle reconnaissance de la valeur des recommandations \u00e9nonc\u00e9es. Elles pourront certainement se r\u00e9v\u00e9ler d\u2019un grand profit pour les parents, les enseignants et les professionnels. J\u2019ai moi-m\u00eame d\u00e9cid\u00e9 d\u2019en b\u00e9n\u00e9ficier en int\u00e9grant les sages remarques de Luke Jackson dans mon travail clinique.<br \/>\nExtrait de la pr\u00e9face de Tony Attwood<\/p>\n","protected":false},"excerpt":{"rendered":"<p>Enfin, voil\u00e0 un livre pour les adolescents atteints du syndrome d\u2019Asperger, \u00e9crit par un adolescent de treize ans, lui-m\u00eame diagnostiqu\u00e9 Asperger. Luke Jackson est un expert pour tout ce qui rel\u00e8ve des challenges impos\u00e9s \u00e0 ses pairs. Il passe en revue tous les sujets, depuis le bien fond\u00e9 d\u2019une explication personnalis\u00e9e du diagnostic jusqu\u2019aux exp\u00e9riences [&hellip;]<\/p>\n","protected":false},"featured_media":240,"template":"","meta":[],"product_brand":[],"product_cat":[16,17,32,19],"product_tag":[],"class_list":{"0":"post-234","1":"product","2":"type-product","3":"status-publish","4":"has-post-thumbnail","6":"product_cat-asperger","7":"product_cat-autisme-sans-deficience-mentale","8":"product_cat-temoignage","9":"product_cat-tous","11":"first","12":"instock","13":"taxable","14":"shipping-taxable","15":"purchasable","16":"product-type-variable"},"jetpack_sharing_enabled":true,"_links":{"self":[{"href":"https:\/\/www.autitools.eu\/index.php\/wp-json\/wp\/v2\/product\/234","targetHints":{"allow":["GET"]}}],"collection":[{"href":"https:\/\/www.autitools.eu\/index.php\/wp-json\/wp\/v2\/product"}],"about":[{"href":"https:\/\/www.autitools.eu\/index.php\/wp-json\/wp\/v2\/types\/product"}],"wp:featuredmedia":[{"embeddable":true,"href":"https:\/\/www.autitools.eu\/index.php\/wp-json\/wp\/v2\/media\/240"}],"wp:attachment":[{"href":"https:\/\/www.autitools.eu\/index.php\/wp-json\/wp\/v2\/media?parent=234"}],"wp:term":[{"taxonomy":"product_brand","embeddable":true,"href":"https:\/\/www.autitools.eu\/index.php\/wp-json\/wp\/v2\/product_brand?post=234"},{"taxonomy":"product_cat","embeddable":true,"href":"https:\/\/www.autitools.eu\/index.php\/wp-json\/wp\/v2\/product_cat?post=234"},{"taxonomy":"product_tag","embeddable":true,"href":"https:\/\/www.autitools.eu\/index.php\/wp-json\/wp\/v2\/product_tag?post=234"}],"curies":[{"name":"wp","href":"https:\/\/api.w.org\/{rel}","templated":true}]}}