{"id":251,"date":"2020-12-04T14:39:16","date_gmt":"2020-12-04T13:39:16","guid":{"rendered":"https:\/\/www.autitools.eu\/?post_type=product&#038;p=251"},"modified":"2022-11-19T10:24:08","modified_gmt":"2022-11-19T09:24:08","slug":"dune-classe-a-lautre-l-laurent","status":"publish","type":"product","link":"https:\/\/www.autitools.eu\/index.php\/produit\/dune-classe-a-lautre-l-laurent\/","title":{"rendered":"D&rsquo;une classe \u00e0 l&rsquo;autre. L. Laurent"},"content":{"rendered":"<p>Livre propos\u00e9 uniquement au format PDF non modifiable. Convient \u00e0 la lecture sur tablette et ordinateur. Ne convient pas \u00e0 la lecture sur liseuse (type Kindle ou Kobo).<br \/>\nCe livre est le fruit de plus de dix ann\u00e9es d\u2019exp\u00e9rience sur le terrain et rassemble la quintessence des strat\u00e9gies p\u00e9dagogiques qui permettent de soutenir la scolarit\u00e9 des \u00e9l\u00e8ves avec autisme ou pr\u00e9sentant d\u2019autres troubles cognitifs. Il est aussi l\u2019histoire de rencontres, de s\u00e9ances de travail interminables et d\u2019innombrables \u00e9changes et lectures.<\/p>\n","protected":false},"excerpt":{"rendered":"<p>Livre propos\u00e9 uniquement au format PDF non modifiable. Convient \u00e0 la lecture sur tablette et ordinateur. Ne convient pas \u00e0 la lecture sur liseuse (type Kindle ou Kobo). Ce livre est le fruit de plus de dix ann\u00e9es d\u2019exp\u00e9rience sur le terrain et rassemble la quintessence des strat\u00e9gies p\u00e9dagogiques qui permettent de soutenir la scolarit\u00e9 [&hellip;]<\/p>\n","protected":false},"featured_media":256,"template":"","meta":[],"product_brand":[],"product_cat":[25,36,19],"product_tag":[37],"class_list":{"0":"post-251","1":"product","2":"type-product","3":"status-publish","4":"has-post-thumbnail","6":"product_cat-education","7":"product_cat-scolarite","8":"product_cat-tous","9":"product_tag-scolarite","11":"first","12":"instock","13":"taxable","14":"shipping-taxable","15":"purchasable","16":"product-type-variable"},"jetpack_sharing_enabled":true,"_links":{"self":[{"href":"https:\/\/www.autitools.eu\/index.php\/wp-json\/wp\/v2\/product\/251","targetHints":{"allow":["GET"]}}],"collection":[{"href":"https:\/\/www.autitools.eu\/index.php\/wp-json\/wp\/v2\/product"}],"about":[{"href":"https:\/\/www.autitools.eu\/index.php\/wp-json\/wp\/v2\/types\/product"}],"wp:featuredmedia":[{"embeddable":true,"href":"https:\/\/www.autitools.eu\/index.php\/wp-json\/wp\/v2\/media\/256"}],"wp:attachment":[{"href":"https:\/\/www.autitools.eu\/index.php\/wp-json\/wp\/v2\/media?parent=251"}],"wp:term":[{"taxonomy":"product_brand","embeddable":true,"href":"https:\/\/www.autitools.eu\/index.php\/wp-json\/wp\/v2\/product_brand?post=251"},{"taxonomy":"product_cat","embeddable":true,"href":"https:\/\/www.autitools.eu\/index.php\/wp-json\/wp\/v2\/product_cat?post=251"},{"taxonomy":"product_tag","embeddable":true,"href":"https:\/\/www.autitools.eu\/index.php\/wp-json\/wp\/v2\/product_tag?post=251"}],"curies":[{"name":"wp","href":"https:\/\/api.w.org\/{rel}","templated":true}]}}