{"id":274,"date":"2020-12-05T11:28:48","date_gmt":"2020-12-05T10:28:48","guid":{"rendered":"https:\/\/www.autitools.eu\/?post_type=product&#038;p=274"},"modified":"2022-11-19T10:21:37","modified_gmt":"2022-11-19T09:21:37","slug":"ben-et-les-habiletes-sociales-les-emotions","status":"publish","type":"product","link":"https:\/\/www.autitools.eu\/index.php\/produit\/ben-et-les-habiletes-sociales-les-emotions\/","title":{"rendered":"Ben et les habilet\u00e9s sociales : les \u00e9motions"},"content":{"rendered":"<p>Alors voil\u00e0 ! je m&rsquo;appelle Benjamin, mais tout le monde m&rsquo;appelle Ben. J&rsquo;ai 9 ans, j&rsquo;aime beaucoup les dinosaures et les moyens de transport, surtout les trains !J&rsquo;ai un petit probl\u00e8me : je ne sais pas trop comment faire avec les autres. Je n&rsquo;ai pas beaucoup d&rsquo;amis et je fais parfois des choses qui leur paraissent bizarres&#8230; J&rsquo;essaie de comprendre comment je dois me comporter dans la vie de tous les jours. \u00c7a pourrait peut-\u00eatre t&rsquo;aider tous aussi ?<\/p>\n","protected":false},"excerpt":{"rendered":"<p>Alors voil\u00e0 ! je m&rsquo;appelle Benjamin, mais tout le monde m&rsquo;appelle Ben. J&rsquo;ai 9 ans, j&rsquo;aime beaucoup les dinosaures et les moyens de transport, surtout les trains !J&rsquo;ai un petit probl\u00e8me : je ne sais pas trop comment faire avec les autres. Je n&rsquo;ai pas beaucoup d&rsquo;amis et je fais parfois des choses qui leur [&hellip;]<\/p>\n","protected":false},"featured_media":279,"template":"","meta":[],"product_brand":[],"product_cat":[33,19],"product_tag":[],"class_list":{"0":"post-274","1":"product","2":"type-product","3":"status-publish","4":"has-post-thumbnail","6":"product_cat-livres-pour-enfants","7":"product_cat-tous","9":"first","10":"instock","11":"taxable","12":"shipping-taxable","13":"purchasable","14":"product-type-variable"},"jetpack_sharing_enabled":true,"_links":{"self":[{"href":"https:\/\/www.autitools.eu\/index.php\/wp-json\/wp\/v2\/product\/274","targetHints":{"allow":["GET"]}}],"collection":[{"href":"https:\/\/www.autitools.eu\/index.php\/wp-json\/wp\/v2\/product"}],"about":[{"href":"https:\/\/www.autitools.eu\/index.php\/wp-json\/wp\/v2\/types\/product"}],"wp:featuredmedia":[{"embeddable":true,"href":"https:\/\/www.autitools.eu\/index.php\/wp-json\/wp\/v2\/media\/279"}],"wp:attachment":[{"href":"https:\/\/www.autitools.eu\/index.php\/wp-json\/wp\/v2\/media?parent=274"}],"wp:term":[{"taxonomy":"product_brand","embeddable":true,"href":"https:\/\/www.autitools.eu\/index.php\/wp-json\/wp\/v2\/product_brand?post=274"},{"taxonomy":"product_cat","embeddable":true,"href":"https:\/\/www.autitools.eu\/index.php\/wp-json\/wp\/v2\/product_cat?post=274"},{"taxonomy":"product_tag","embeddable":true,"href":"https:\/\/www.autitools.eu\/index.php\/wp-json\/wp\/v2\/product_tag?post=274"}],"curies":[{"name":"wp","href":"https:\/\/api.w.org\/{rel}","templated":true}]}}