{"id":317,"date":"2021-01-23T10:47:32","date_gmt":"2021-01-23T09:47:32","guid":{"rendered":"https:\/\/www.autitools.eu\/?post_type=product&#038;p=317"},"modified":"2025-11-11T18:31:57","modified_gmt":"2025-11-11T17:31:57","slug":"ce-que-elsa-aime-kate-e-reynolds","status":"publish","type":"product","link":"https:\/\/www.autitools.eu\/index.php\/produit\/ce-que-elsa-aime-kate-e-reynolds\/","title":{"rendered":"Ce que Elsa aime ; Kate E. Reynolds"},"content":{"rendered":"<p>Elsa aime diff\u00e9rentes activit\u00e9s. Elle aime \u00e9couter de la musique et faire des pizzas. Il y a aussi des activit\u00e9s qu\u2019Elsa aime faire en priv\u00e9, comme toucher son vagin.<\/p>\n<p>Ce document, accessible et positif, aide les parents et professionnels \u00e0 enseigner la masturbation aux filles avec autisme ou troubles assimil\u00e9s. Il explique o\u00f9 et quand cette activit\u00e9 est appropri\u00e9e et aide \u00e0 \u00e9tablir des fronti\u00e8res entre la vie priv\u00e9e et publique.<\/p>\n<p>Avec des illustrations simples mais explicites, ce livre fourni un support parfait pour parler de la sexualit\u00e9 avec les filles et jeunes femmes avec autisme ou troubles assimil\u00e9s.<\/p>\n","protected":false},"excerpt":{"rendered":"<p><!--more--><\/p>\n","protected":false},"featured_media":326,"template":"","meta":[],"product_brand":[],"product_cat":[29,18,25,19],"product_tag":[],"class_list":{"0":"post-317","1":"product","2":"type-product","3":"status-publish","4":"has-post-thumbnail","6":"product_cat-apprentissage-de-la-sexualite","7":"product_cat-connaissance-de-lautisme","8":"product_cat-education","9":"product_cat-tous","11":"first","12":"instock","13":"taxable","14":"shipping-taxable","15":"purchasable","16":"product-type-variable"},"jetpack_sharing_enabled":true,"_links":{"self":[{"href":"https:\/\/www.autitools.eu\/index.php\/wp-json\/wp\/v2\/product\/317","targetHints":{"allow":["GET"]}}],"collection":[{"href":"https:\/\/www.autitools.eu\/index.php\/wp-json\/wp\/v2\/product"}],"about":[{"href":"https:\/\/www.autitools.eu\/index.php\/wp-json\/wp\/v2\/types\/product"}],"wp:featuredmedia":[{"embeddable":true,"href":"https:\/\/www.autitools.eu\/index.php\/wp-json\/wp\/v2\/media\/326"}],"wp:attachment":[{"href":"https:\/\/www.autitools.eu\/index.php\/wp-json\/wp\/v2\/media?parent=317"}],"wp:term":[{"taxonomy":"product_brand","embeddable":true,"href":"https:\/\/www.autitools.eu\/index.php\/wp-json\/wp\/v2\/product_brand?post=317"},{"taxonomy":"product_cat","embeddable":true,"href":"https:\/\/www.autitools.eu\/index.php\/wp-json\/wp\/v2\/product_cat?post=317"},{"taxonomy":"product_tag","embeddable":true,"href":"https:\/\/www.autitools.eu\/index.php\/wp-json\/wp\/v2\/product_tag?post=317"}],"curies":[{"name":"wp","href":"https:\/\/api.w.org\/{rel}","templated":true}]}}