{"id":320,"date":"2021-01-18T18:07:29","date_gmt":"2021-01-18T17:07:29","guid":{"rendered":"https:\/\/www.autitools.eu\/?post_type=product&#038;p=320"},"modified":"2022-11-19T10:20:32","modified_gmt":"2022-11-19T09:20:32","slug":"ce-que-tom-aime-kate-e-reynolds","status":"publish","type":"product","link":"https:\/\/www.autitools.eu\/index.php\/produit\/ce-que-tom-aime-kate-e-reynolds\/","title":{"rendered":"Ce que Tom aime;  Kate E. Reynolds"},"content":{"rendered":"<p>Tom aime diff\u00e9rentes activit\u00e9s. Il aime chanter et regarder la t\u00e9l\u00e9 dans le salon. Il y a aussi des activit\u00e9s que Tom aime faire en priv\u00e9, comme toucher son p\u00e9nis.<\/p>\n<p>Ce document, accessible et positif, aide les parents et professionnels \u00e0 enseigner la masturbation aux gar\u00e7ons avec autisme ou troubles assimil\u00e9s. Il explique o\u00f9 et quand cette activit\u00e9 est appropri\u00e9e et aide \u00e0 \u00e9tablir des fronti\u00e8res entre la vie priv\u00e9e et publique.<\/p>\n<p>Avec des illustrations simples mais explicites, ce livre fourni un support parfait pour parler de la sexualit\u00e9 avec les gar\u00e7ons et jeunes hommes avec autisme ou troubles assimil\u00e9s.<\/p>\n","protected":false},"excerpt":{"rendered":"<p>Tom aime diff\u00e9rentes activit\u00e9s. Il aime chanter et regarder la t\u00e9l\u00e9 dans le salon. Il y a aussi des activit\u00e9s que Tom aime faire en priv\u00e9, comme toucher son p\u00e9nis. Ce document, accessible et positif, aide les parents et professionnels \u00e0 enseigner la masturbation aux gar\u00e7ons avec autisme ou troubles assimil\u00e9s. Il explique o\u00f9 et [&hellip;]<\/p>\n","protected":false},"featured_media":323,"template":"","meta":[],"product_brand":[],"product_cat":[29,25,19],"product_tag":[],"class_list":{"0":"post-320","1":"product","2":"type-product","3":"status-publish","4":"has-post-thumbnail","6":"product_cat-apprentissage-de-la-sexualite","7":"product_cat-education","8":"product_cat-tous","10":"first","11":"instock","12":"taxable","13":"shipping-taxable","14":"purchasable","15":"product-type-variable"},"jetpack_sharing_enabled":true,"_links":{"self":[{"href":"https:\/\/www.autitools.eu\/index.php\/wp-json\/wp\/v2\/product\/320","targetHints":{"allow":["GET"]}}],"collection":[{"href":"https:\/\/www.autitools.eu\/index.php\/wp-json\/wp\/v2\/product"}],"about":[{"href":"https:\/\/www.autitools.eu\/index.php\/wp-json\/wp\/v2\/types\/product"}],"wp:featuredmedia":[{"embeddable":true,"href":"https:\/\/www.autitools.eu\/index.php\/wp-json\/wp\/v2\/media\/323"}],"wp:attachment":[{"href":"https:\/\/www.autitools.eu\/index.php\/wp-json\/wp\/v2\/media?parent=320"}],"wp:term":[{"taxonomy":"product_brand","embeddable":true,"href":"https:\/\/www.autitools.eu\/index.php\/wp-json\/wp\/v2\/product_brand?post=320"},{"taxonomy":"product_cat","embeddable":true,"href":"https:\/\/www.autitools.eu\/index.php\/wp-json\/wp\/v2\/product_cat?post=320"},{"taxonomy":"product_tag","embeddable":true,"href":"https:\/\/www.autitools.eu\/index.php\/wp-json\/wp\/v2\/product_tag?post=320"}],"curies":[{"name":"wp","href":"https:\/\/api.w.org\/{rel}","templated":true}]}}