{"id":33,"date":"2020-11-07T11:18:38","date_gmt":"2020-11-07T10:18:38","guid":{"rendered":"http:\/\/www.autitools.com\/autitools\/?post_type=product&#038;p=33"},"modified":"2025-11-11T18:27:35","modified_gmt":"2025-11-11T17:27:35","slug":"autisme-les-anomalies-du-comportement-p-elouard","status":"publish","type":"product","link":"https:\/\/www.autitools.eu\/index.php\/produit\/autisme-les-anomalies-du-comportement-p-elouard\/","title":{"rendered":"Autisme : les anomalies du comportement. P. Elouard"},"content":{"rendered":"<p>Cet ouvrage se veut simple \u00e0 lire, accessible \u00e0 tous les parents et professionnels d\u00e9butant dans le domaine de l\u2019autisme pour en comprendre l\u2019essentiel : comment s\u2019explique l\u2019apparition d\u2019une conduite inadapt\u00e9e mais aussi comment interpr\u00e9ter le processus de maintien du comportement rep\u00e9r\u00e9.<br \/>\nTout au long de l\u2019ouvrage, nous nous attacherons \u00e0 rappeler qu\u2019il ne faut pas oublier qu\u2019un comportement difficile pour une personne porteuse d\u2019un autisme est bien souvent le reflet d\u2019une \u00e9mergence dans le domaine des habilet\u00e9s de communication.<br \/>\nEteindre un trouble du comportement est un r\u00e9flexe spontan\u00e9 de l\u2019entourage qui doit petit \u00e0 petit laisser la place \u00e0 une action raisonn\u00e9e, \u00e9tay\u00e9e sur la connaissance des particularit\u00e9s de l\u2019autisme, pour tenter d\u2019extraire la r\u00e9elle fonction souvent masqu\u00e9e par la forme, l\u2019intensit\u00e9 de l\u2019anomalie du comportement et ainsi participer \u00e0 une modification du comportement dont la vis\u00e9e est celle de pr\u00e9server le sens, le contenu du comportement difficile tout en rempla\u00e7ant la forme inadapt\u00e9e du comportement rep\u00e9r\u00e9.<br \/>\nCe petit manuel a la modeste ambition de vouloir traiter le plus simplement possible un sujet tr\u00e8s complexe \u00e0 bien des \u00e9gards : les troubles du comportement manifest\u00e9s par une personne vuln\u00e9rable, ainsi que la m\u00e9thodologie qu\u2019est la d\u00e9marche \u00e9valuative de l\u2019analyse fonctionnelle du comportement.<\/p>\n","protected":false},"excerpt":{"rendered":"<p>Ce petit manuel propose aux acteurs du terrain une p\u00e9dagogie positive avec laquelle il ne s\u2019agit pas de vouloir d\u00e9truire une anomalie de comportement mais d\u2019en modifier la forme en pr\u00e9servant sa fonction.<br \/>\nPlus qu\u2019une simple revue de questions traitant de l\u2019autisme et des troubles du comportement, l\u2019auteur cherche \u00e0 illustrer des propos th\u00e9oriques complexes, via des exemples concrets et simples.<\/p>\n","protected":false},"featured_media":39,"template":"","meta":[],"product_brand":[],"product_cat":[19,23],"product_tag":[],"class_list":{"0":"post-33","1":"product","2":"type-product","3":"status-publish","4":"has-post-thumbnail","6":"product_cat-tous","7":"product_cat-troubles-du-comportement","9":"first","10":"instock","11":"taxable","12":"shipping-taxable","13":"purchasable","14":"product-type-variable"},"jetpack_sharing_enabled":true,"_links":{"self":[{"href":"https:\/\/www.autitools.eu\/index.php\/wp-json\/wp\/v2\/product\/33","targetHints":{"allow":["GET"]}}],"collection":[{"href":"https:\/\/www.autitools.eu\/index.php\/wp-json\/wp\/v2\/product"}],"about":[{"href":"https:\/\/www.autitools.eu\/index.php\/wp-json\/wp\/v2\/types\/product"}],"wp:featuredmedia":[{"embeddable":true,"href":"https:\/\/www.autitools.eu\/index.php\/wp-json\/wp\/v2\/media\/39"}],"wp:attachment":[{"href":"https:\/\/www.autitools.eu\/index.php\/wp-json\/wp\/v2\/media?parent=33"}],"wp:term":[{"taxonomy":"product_brand","embeddable":true,"href":"https:\/\/www.autitools.eu\/index.php\/wp-json\/wp\/v2\/product_brand?post=33"},{"taxonomy":"product_cat","embeddable":true,"href":"https:\/\/www.autitools.eu\/index.php\/wp-json\/wp\/v2\/product_cat?post=33"},{"taxonomy":"product_tag","embeddable":true,"href":"https:\/\/www.autitools.eu\/index.php\/wp-json\/wp\/v2\/product_tag?post=33"}],"curies":[{"name":"wp","href":"https:\/\/api.w.org\/{rel}","templated":true}]}}