{"id":331,"date":"2021-02-02T18:31:56","date_gmt":"2021-02-02T17:31:56","guid":{"rendered":"https:\/\/www.autitools.eu\/?post_type=product&#038;p=331"},"modified":"2022-11-19T10:18:32","modified_gmt":"2022-11-19T09:18:32","slug":"elsa-va-aux-toilettes-kate-e-reynolds","status":"publish","type":"product","link":"https:\/\/www.autitools.eu\/index.php\/produit\/elsa-va-aux-toilettes-kate-e-reynolds\/","title":{"rendered":"Elsa va aux toilettes ; Kate E. Reynolds"},"content":{"rendered":"<div>Quand Elsa est au parc avec son p\u00e8re, elle a besoin d&rsquo;aller aux toilettes. Elsa sait que les toilettes publiques sont diff\u00e9rentes des toilettes de la maison.<\/div>\n<div>Cette ressource visuelle aide les parents et professionnels \u00e0 enseigner aux filles et jeunes femmes avec autisme ou troubles assimil\u00e9s, \u00e0 utiliser les toilettes publiques de fa\u00e7on s\u00e9curis\u00e9e. Il fait \u00e9tat des convenances sociales, y compris faire la queue et attendre son tour ainsi que des aspects pratiques comme penser \u00e0 verrouiller les toilettes individuelles.<\/div>\n<div>Avec des illustrations simples et efficaces, ce livre est un excellent point de d\u00e9part pour enseigner l&rsquo;ind\u00e9pendance dans l&rsquo;utilisation des toilettes publiques.<\/div>\n","protected":false},"excerpt":{"rendered":"<p>Quand Elsa est au parc avec son p\u00e8re, elle a besoin d&rsquo;aller aux toilettes. Elsa sait que les toilettes publiques sont diff\u00e9rentes des toilettes de la maison. Cette ressource visuelle aide les parents et professionnels \u00e0 enseigner aux filles et jeunes femmes avec autisme ou troubles assimil\u00e9s, \u00e0 utiliser les toilettes publiques de fa\u00e7on s\u00e9curis\u00e9e. [&hellip;]<\/p>\n","protected":false},"featured_media":334,"template":"","meta":[],"product_brand":[],"product_cat":[29,18,25,19],"product_tag":[],"class_list":{"0":"post-331","1":"product","2":"type-product","3":"status-publish","4":"has-post-thumbnail","6":"product_cat-apprentissage-de-la-sexualite","7":"product_cat-connaissance-de-lautisme","8":"product_cat-education","9":"product_cat-tous","11":"first","12":"instock","13":"taxable","14":"shipping-taxable","15":"purchasable","16":"product-type-variable"},"jetpack_sharing_enabled":true,"_links":{"self":[{"href":"https:\/\/www.autitools.eu\/index.php\/wp-json\/wp\/v2\/product\/331","targetHints":{"allow":["GET"]}}],"collection":[{"href":"https:\/\/www.autitools.eu\/index.php\/wp-json\/wp\/v2\/product"}],"about":[{"href":"https:\/\/www.autitools.eu\/index.php\/wp-json\/wp\/v2\/types\/product"}],"wp:featuredmedia":[{"embeddable":true,"href":"https:\/\/www.autitools.eu\/index.php\/wp-json\/wp\/v2\/media\/334"}],"wp:attachment":[{"href":"https:\/\/www.autitools.eu\/index.php\/wp-json\/wp\/v2\/media?parent=331"}],"wp:term":[{"taxonomy":"product_brand","embeddable":true,"href":"https:\/\/www.autitools.eu\/index.php\/wp-json\/wp\/v2\/product_brand?post=331"},{"taxonomy":"product_cat","embeddable":true,"href":"https:\/\/www.autitools.eu\/index.php\/wp-json\/wp\/v2\/product_cat?post=331"},{"taxonomy":"product_tag","embeddable":true,"href":"https:\/\/www.autitools.eu\/index.php\/wp-json\/wp\/v2\/product_tag?post=331"}],"curies":[{"name":"wp","href":"https:\/\/api.w.org\/{rel}","templated":true}]}}