{"id":335,"date":"2021-02-02T19:03:16","date_gmt":"2021-02-02T18:03:16","guid":{"rendered":"https:\/\/www.autitools.eu\/?post_type=product&#038;p=335"},"modified":"2022-11-19T10:17:37","modified_gmt":"2022-11-19T09:17:37","slug":"quarrive-t-il-a-elsa-kate-e-reynolds","status":"publish","type":"product","link":"https:\/\/www.autitools.eu\/index.php\/produit\/quarrive-t-il-a-elsa-kate-e-reynolds\/","title":{"rendered":"Qu&rsquo;arrive-t-il \u00e0 Elsa ? ; Kate E. Reynolds"},"content":{"rendered":"<div class=\"ng-scope\">Elsa se rend compte que son corps change. Des poils poussent \u00e0 de nouveaux endroits. Il y a d\u2019autres changements qui arrivent aussi. La maman d\u2019Elsa l&rsquo;aide \u00e0 comprendre qu&rsquo;elle commence \u00e0 devenir une femme.<\/div>\n<div class=\"ng-scope\">En suivant Elsa qui commence \u00e0 noter des changements dans son corps, ce document simple aide les parents et soignants \u00e0 enseigner les effets de la pubert\u00e9 aux filles avec autisme ou troubles assimil\u00e9s. Il explore tous les changements dont elles auront l&rsquo;exp\u00e9rience, au niveau \u00e9motionnel, au niveau des sensations physiques et au niveau des r\u00e8gles. Toutes ces illustrations positives et ce livre entra\u00eenant fournissent une opportunit\u00e9 parfaite de parler de la pubert\u00e9 aux filles et jeunes femmes avec autisme ou troubles assimil\u00e9s.<\/div>\n","protected":false},"excerpt":{"rendered":"<p>Elsa se rend compte que son corps change. Des poils poussent \u00e0 de nouveaux endroits. Il y a d\u2019autres changements qui arrivent aussi. La maman d\u2019Elsa l&rsquo;aide \u00e0 comprendre qu&rsquo;elle commence \u00e0 devenir une femme. En suivant Elsa qui commence \u00e0 noter des changements dans son corps, ce document simple aide les parents et soignants [&hellip;]<\/p>\n","protected":false},"featured_media":338,"template":"","meta":[],"product_brand":[],"product_cat":[29,18,25,33,19],"product_tag":[],"class_list":{"0":"post-335","1":"product","2":"type-product","3":"status-publish","4":"has-post-thumbnail","6":"product_cat-apprentissage-de-la-sexualite","7":"product_cat-connaissance-de-lautisme","8":"product_cat-education","9":"product_cat-livres-pour-enfants","10":"product_cat-tous","12":"first","13":"instock","14":"taxable","15":"shipping-taxable","16":"purchasable","17":"product-type-variable"},"jetpack_sharing_enabled":true,"_links":{"self":[{"href":"https:\/\/www.autitools.eu\/index.php\/wp-json\/wp\/v2\/product\/335","targetHints":{"allow":["GET"]}}],"collection":[{"href":"https:\/\/www.autitools.eu\/index.php\/wp-json\/wp\/v2\/product"}],"about":[{"href":"https:\/\/www.autitools.eu\/index.php\/wp-json\/wp\/v2\/types\/product"}],"wp:featuredmedia":[{"embeddable":true,"href":"https:\/\/www.autitools.eu\/index.php\/wp-json\/wp\/v2\/media\/338"}],"wp:attachment":[{"href":"https:\/\/www.autitools.eu\/index.php\/wp-json\/wp\/v2\/media?parent=335"}],"wp:term":[{"taxonomy":"product_brand","embeddable":true,"href":"https:\/\/www.autitools.eu\/index.php\/wp-json\/wp\/v2\/product_brand?post=335"},{"taxonomy":"product_cat","embeddable":true,"href":"https:\/\/www.autitools.eu\/index.php\/wp-json\/wp\/v2\/product_cat?post=335"},{"taxonomy":"product_tag","embeddable":true,"href":"https:\/\/www.autitools.eu\/index.php\/wp-json\/wp\/v2\/product_tag?post=335"}],"curies":[{"name":"wp","href":"https:\/\/api.w.org\/{rel}","templated":true}]}}