{"id":339,"date":"2021-02-02T19:21:55","date_gmt":"2021-02-02T18:21:55","guid":{"rendered":"https:\/\/www.autitools.eu\/?post_type=product&#038;p=339"},"modified":"2022-11-19T10:16:58","modified_gmt":"2022-11-19T09:16:58","slug":"tom-va-aux-toilettes-kate-e-reynolds","status":"publish","type":"product","link":"https:\/\/www.autitools.eu\/index.php\/produit\/tom-va-aux-toilettes-kate-e-reynolds\/","title":{"rendered":"Tom va aux toilettes ; Kate E. Reynolds"},"content":{"rendered":"<div class=\"ng-scope\">Quand Tom fait les magasins avec sa m\u00e8re, il a besoin d&rsquo;aller aux toilettes. Tom sait que les toilettes publiques sont diff\u00e9rentes des toilettes de la maison. Il y a des urinoirs et des toilettes individuelles et il doit d\u00e9cider ce qu&rsquo;il va utiliser.<\/div>\n<div class=\"ng-scope\"><\/div>\n<div class=\"ng-scope\">Cette ressource visuelle aide les parents et professionnels \u00e0 enseigner aux gar\u00e7ons et jeunes hommes avec autisme ou troubles assimil\u00e9s, \u00e0 utiliser les toilettes publiques de fa\u00e7on s\u00e9curis\u00e9e. Il fait \u00e9tat des convenances sociales, y compris o\u00f9 s&rsquo;installer et regarder, et des aspects pratiques comme penser \u00e0 verrouiller les toilettes individuelles. Avec des illustrations simples et efficaces, ce livre est un excellent point de d\u00e9part pour enseigner l&rsquo;ind\u00e9pendance dans l&rsquo;utilisation des toilettes publiques.<\/div>\n","protected":false},"excerpt":{"rendered":"<p>Quand Tom fait les magasins avec sa m\u00e8re, il a besoin d&rsquo;aller aux toilettes. Tom sait que les toilettes publiques sont diff\u00e9rentes des toilettes de la maison. Il y a des urinoirs et des toilettes individuelles et il doit d\u00e9cider ce qu&rsquo;il va utiliser. Cette ressource visuelle aide les parents et professionnels \u00e0 enseigner aux [&hellip;]<\/p>\n","protected":false},"featured_media":342,"template":"","meta":[],"product_brand":[],"product_cat":[29,26,18,25,19],"product_tag":[],"class_list":{"0":"post-339","1":"product","2":"type-product","3":"status-publish","4":"has-post-thumbnail","6":"product_cat-apprentissage-de-la-sexualite","7":"product_cat-collaboration-parents-professionnels","8":"product_cat-connaissance-de-lautisme","9":"product_cat-education","10":"product_cat-tous","12":"first","13":"instock","14":"taxable","15":"shipping-taxable","16":"purchasable","17":"product-type-variable"},"jetpack_sharing_enabled":true,"_links":{"self":[{"href":"https:\/\/www.autitools.eu\/index.php\/wp-json\/wp\/v2\/product\/339","targetHints":{"allow":["GET"]}}],"collection":[{"href":"https:\/\/www.autitools.eu\/index.php\/wp-json\/wp\/v2\/product"}],"about":[{"href":"https:\/\/www.autitools.eu\/index.php\/wp-json\/wp\/v2\/types\/product"}],"wp:featuredmedia":[{"embeddable":true,"href":"https:\/\/www.autitools.eu\/index.php\/wp-json\/wp\/v2\/media\/342"}],"wp:attachment":[{"href":"https:\/\/www.autitools.eu\/index.php\/wp-json\/wp\/v2\/media?parent=339"}],"wp:term":[{"taxonomy":"product_brand","embeddable":true,"href":"https:\/\/www.autitools.eu\/index.php\/wp-json\/wp\/v2\/product_brand?post=339"},{"taxonomy":"product_cat","embeddable":true,"href":"https:\/\/www.autitools.eu\/index.php\/wp-json\/wp\/v2\/product_cat?post=339"},{"taxonomy":"product_tag","embeddable":true,"href":"https:\/\/www.autitools.eu\/index.php\/wp-json\/wp\/v2\/product_tag?post=339"}],"curies":[{"name":"wp","href":"https:\/\/api.w.org\/{rel}","templated":true}]}}