{"id":49,"date":"2020-11-07T17:17:23","date_gmt":"2020-11-07T16:17:23","guid":{"rendered":"http:\/\/www.autitools.com\/autitools\/?post_type=product&#038;p=49"},"modified":"2025-11-11T18:24:31","modified_gmt":"2025-11-11T17:24:31","slug":"aspects-sensoriels-et-moteurs-de-lautisme-d-caucal-r-brunod","status":"publish","type":"product","link":"https:\/\/www.autitools.eu\/index.php\/produit\/aspects-sensoriels-et-moteurs-de-lautisme-d-caucal-r-brunod\/","title":{"rendered":"Aspects sensoriels et moteurs de l\u2019autisme. D. Caucal, R. Brunod"},"content":{"rendered":"<p>Il s\u2019agit d\u2019un travail de cliniciens destin\u00e9 \u00e0 des professionnels ou des parents ayant d\u00e9j\u00e0 un minimum de connaissances de base sur l\u2019autisme. Il explore et essaie de pr\u00e9senter de mani\u00e8re coh\u00e9rente des aspects mal connus ou en tout cas peu d\u00e9crits de ce syndrome que sont ses particularit\u00e9s sensorielles et motrices. Il le fait donc dans cet ordre en s\u2019appuyant sur des exemples cliniques tir\u00e9s de leur propre exp\u00e9rience ou de r\u00e9cits autobiographiques r\u00e9dig\u00e9s par des personnes avec autisme. A partir de cette description symptomatologique il montre la faible place qui leur est accord\u00e9e dans les classifications m\u00e9dicales ou les outils d\u2019\u00e9valuation actuellement disponibles alors qu\u2019ils sont parmi les premiers signes r\u00e9v\u00e9lateurs de difficult\u00e9s chez le jeune enfant et qu\u2019ils prennent souvent une grande importance dans la vie quotidienne de ces personnes. En fait leur connaissance est le compl\u00e9ment indispensable des particularit\u00e9s cognitives pour \u00e9laborer un projet d\u2019aide au d\u00e9veloppement adapt\u00e9 \u00e0 la situation de chaque enfant. A partir de ces \u00e9l\u00e9ments et d\u2019un bref essai de conceptualisation th\u00e9orique, il est proc\u00e9d\u00e9 \u00e0 une large revue des diverses techniques de soins ou d\u2019apprentissages utilis\u00e9es aux niveaux sensoriels ou moteurs dans une optique tr\u00e8s pragmatique en proposant des regroupements en fonction de leurs objectifs et du stade de d\u00e9veloppement effectif de l\u2019enfant auxquelles elles s\u2019adressent. Des propositions d\u2019indications sont \u00e9galement sugg\u00e9r\u00e9es. Celles-ci sont \u00e9mises avec de grandes r\u00e9serves du fait de la grande carence actuelle d\u2019outils d\u2019\u00e9valuation dans le domaine. Pour autant celle-ci ne doit pas conduire \u00e0 l\u2019exclusion radicale de ces m\u00e9thodes mais \u00e0 un effort particulier pour mieux pr\u00e9ciser leurs int\u00e9r\u00eats en fonction des populations auxquelles elles s\u2019adressent. Il ne faut pas perdre de vue en effet que beaucoup d\u2019enfants avec autisme souffrent en m\u00eame temps d\u2019un retard mental plus ou moins grave qui les place dans les tous premiers stades du d\u00e9veloppement, stade o\u00f9 les possibilit\u00e9s \u00e9ducatives sont encore limit\u00e9es tandis que les aspects sensoriels et moteurs restent pr\u00e9pond\u00e9rants. Pour ceux-l\u00e0, mais pas uniquement, il nous para\u00eet utile d\u2019essayer de d\u00e9velopper des strat\u00e9gies sensorielles et motrices, \u00e0 l\u2019image des strat\u00e9gies \u00e9ducatives mises en place au niveau cognitif pour ceux dont le d\u00e9veloppement est plus avanc\u00e9. C\u2019est ce que cet ouvrage cherche \u00e0 initier.<\/p>\n","protected":false},"excerpt":{"rendered":"<p>Les particularit\u00e9s du fonctionnement corporel des enfants avec autisme peuvent s\u2019observer au niveau des sens ou au niveau de la motricit\u00e9. M\u00eame si dans la r\u00e9alit\u00e9 quotidienne les deux aspects sont largement intriqu\u00e9s, nous les \u00e9tudierons l\u2019un \u00e0 la suite de l\u2019autre pour la clart\u00e9 de l\u2019expos\u00e9 en commen\u00e7ant par les aspects sensoriels et en poursuivant par les aspects moteurs.<\/p>\n","protected":false},"featured_media":50,"template":"","meta":[],"product_brand":[],"product_cat":[27],"product_tag":[],"class_list":{"0":"post-49","1":"product","2":"type-product","3":"status-publish","4":"has-post-thumbnail","6":"product_cat-problemes-sensoriels","8":"first","9":"instock","10":"taxable","11":"shipping-taxable","12":"purchasable","13":"product-type-variable"},"jetpack_sharing_enabled":true,"_links":{"self":[{"href":"https:\/\/www.autitools.eu\/index.php\/wp-json\/wp\/v2\/product\/49","targetHints":{"allow":["GET"]}}],"collection":[{"href":"https:\/\/www.autitools.eu\/index.php\/wp-json\/wp\/v2\/product"}],"about":[{"href":"https:\/\/www.autitools.eu\/index.php\/wp-json\/wp\/v2\/types\/product"}],"wp:featuredmedia":[{"embeddable":true,"href":"https:\/\/www.autitools.eu\/index.php\/wp-json\/wp\/v2\/media\/50"}],"wp:attachment":[{"href":"https:\/\/www.autitools.eu\/index.php\/wp-json\/wp\/v2\/media?parent=49"}],"wp:term":[{"taxonomy":"product_brand","embeddable":true,"href":"https:\/\/www.autitools.eu\/index.php\/wp-json\/wp\/v2\/product_brand?post=49"},{"taxonomy":"product_cat","embeddable":true,"href":"https:\/\/www.autitools.eu\/index.php\/wp-json\/wp\/v2\/product_cat?post=49"},{"taxonomy":"product_tag","embeddable":true,"href":"https:\/\/www.autitools.eu\/index.php\/wp-json\/wp\/v2\/product_tag?post=49"}],"curies":[{"name":"wp","href":"https:\/\/api.w.org\/{rel}","templated":true}]}}