{"id":607,"date":"2022-11-18T09:21:24","date_gmt":"2022-11-18T08:21:24","guid":{"rendered":"https:\/\/www.autitools.eu\/?post_type=product&#038;p=607"},"modified":"2022-11-18T09:21:25","modified_gmt":"2022-11-18T08:21:25","slug":"education-sexuelle-et-relations-sociales-en-autisme-table-des-matieres-detaillee","status":"publish","type":"product","link":"https:\/\/www.autitools.eu\/index.php\/produit\/education-sexuelle-et-relations-sociales-en-autisme-table-des-matieres-detaillee\/","title":{"rendered":"\u00c9ducation sexuelle  et relations  sociales en autisme : Table des mati\u00e8res d\u00e9taill\u00e9e"},"content":{"rendered":"<p>La table des mati\u00e8res d\u00e9taill\u00e9e des 14 chapitres du livre \u00ab\u00a0Education sexuelle et relations sociales en autisme\u00a0\u00bb. Les th\u00e8mes abord\u00e9s \u00e9tant diff\u00e9rents dans chaque chapitre, il a \u00e9t\u00e9 imagin\u00e9 qu&rsquo;en fonction des besoins, chacun d&rsquo;eux puisse \u00eatre achet\u00e9 s\u00e9par\u00e9ment au tarif de 2,5 \u20ac TTC. Ils peuvent \u00eatre t\u00e9l\u00e9charg\u00e9s aussi bien dans des formats \u00ab\u00a0Ebook\u00a0\u00bb qu&rsquo;en PDF lisible sur tous les ordinateurs.<\/p>\n","protected":false},"excerpt":{"rendered":"<p>La table des mati\u00e8res d\u00e9taill\u00e9e des 14 chapitres du livre \u00ab\u00a0Education sexuelle et relations sociales en autisme\u00a0\u00bb. Les th\u00e8mes abord\u00e9s \u00e9tant diff\u00e9rents dans chaque chapitre, il a \u00e9t\u00e9 imagin\u00e9 qu&rsquo;en fonction des besoins, chacun d&rsquo;eux puisse \u00eatre achet\u00e9 s\u00e9par\u00e9ment au tarif de 2,5 \u20ac TTC. Ils peuvent \u00eatre t\u00e9l\u00e9charg\u00e9s aussi bien dans des formats \u00ab\u00a0Ebook\u00a0\u00bb [&hellip;]<\/p>\n","protected":false},"featured_media":608,"template":"","meta":[],"product_brand":[],"product_cat":[28,38],"product_tag":[],"class_list":{"0":"post-607","1":"product","2":"type-product","3":"status-publish","4":"has-post-thumbnail","6":"product_cat-nouveautes","7":"product_cat-sexualite","9":"first","10":"instock","11":"downloadable","12":"virtual","13":"purchasable","14":"product-type-simple"},"jetpack_sharing_enabled":true,"_links":{"self":[{"href":"https:\/\/www.autitools.eu\/index.php\/wp-json\/wp\/v2\/product\/607","targetHints":{"allow":["GET"]}}],"collection":[{"href":"https:\/\/www.autitools.eu\/index.php\/wp-json\/wp\/v2\/product"}],"about":[{"href":"https:\/\/www.autitools.eu\/index.php\/wp-json\/wp\/v2\/types\/product"}],"wp:featuredmedia":[{"embeddable":true,"href":"https:\/\/www.autitools.eu\/index.php\/wp-json\/wp\/v2\/media\/608"}],"wp:attachment":[{"href":"https:\/\/www.autitools.eu\/index.php\/wp-json\/wp\/v2\/media?parent=607"}],"wp:term":[{"taxonomy":"product_brand","embeddable":true,"href":"https:\/\/www.autitools.eu\/index.php\/wp-json\/wp\/v2\/product_brand?post=607"},{"taxonomy":"product_cat","embeddable":true,"href":"https:\/\/www.autitools.eu\/index.php\/wp-json\/wp\/v2\/product_cat?post=607"},{"taxonomy":"product_tag","embeddable":true,"href":"https:\/\/www.autitools.eu\/index.php\/wp-json\/wp\/v2\/product_tag?post=607"}],"curies":[{"name":"wp","href":"https:\/\/api.w.org\/{rel}","templated":true}]}}