{"id":627,"date":"2023-02-05T18:57:28","date_gmt":"2023-02-05T17:57:28","guid":{"rendered":"https:\/\/www.autitools.eu\/?post_type=product&#038;p=627"},"modified":"2025-11-11T19:05:04","modified_gmt":"2025-11-11T18:05:04","slug":"autisme-devenir-un-parent-expert","status":"publish","type":"product","link":"https:\/\/www.autitools.eu\/index.php\/produit\/autisme-devenir-un-parent-expert\/","title":{"rendered":"Autisme : devenir un parent expert"},"content":{"rendered":"<p style=\"font-weight: 400;\">Bien que ce livre soit bas\u00e9 sur mes recherches et mon exp\u00e9rience de travail avec des enfants autistes, il traite de mon \u00e9volution en tant que m\u00e8re d&rsquo;un enfant autiste- d&rsquo;une m\u00e8re d\u00e9sorient\u00e9e et impuissante \u00e0 un \u00ab\u00a0parent-expert\u00a0\u00bb Le lecteur trouvera des similitudes avec son v\u00e9cu et verra comment les histoires (dans la premi\u00e8re partie de chaque chapitre) se rapportent \u00e0 ses propres enfants ou aux enfants qu&rsquo;il conna\u00eet. Avec un peu de chance, il trouvera des solutions \u00e0 de nombreux probl\u00e8mes (bien que celles-ci am\u00e8nent d&rsquo;autres questions qui n\u00e9cessiteront des r\u00e9ponses- apprendre sur l&rsquo;autisme ne s&rsquo;arr\u00eate jamais).<\/p>\n<p style=\"font-weight: 400;\">Il couvre un \u00e9ventail de questions relatives aux perceptions sensorielles, fournit des id\u00e9es et des conseils (comment aider l&rsquo;enfant). En partageant mes exp\u00e9riences personnelles ( en tant que m\u00e8re) avec mon fils et (en tant que professionnelle) avec mes \u00e9l\u00e8ves avec TSA, je traite chacun des ph\u00e9nom\u00e8nes sensoriels et je montre comment les \u00ab\u00a0sympt\u00f4mes peuvent \u00eatre expliqu\u00e9s et ce qui peut \u00eatre fait pour rendre le monde plus confortable pour ces enfants tr\u00e8s sp\u00e9ciaux &#8211; offrant ainsi de nouvelles fa\u00e7ons de comprendre le monde sensoriel de l&rsquo;autisme.<\/p>\n<p style=\"font-weight: 400;\">Ce livre est consacr\u00e9 \u00e0 mon \u00ab\u00a0d\u00e9veloppement\u00a0\u00bb en tant que m\u00e8re d&rsquo;un enfant autiste, \u00e0 ce que j&rsquo;ai appris de lui et de mes \u00e9tudiants autistes.<\/p>\n<p style=\"font-weight: 400;\">Les id\u00e9es proviennent de mes pr\u00e9sentations lors de conf\u00e9rences, de s\u00e9ances de formation dans les \u00e9coles &#8211; o\u00f9 &lsquo;illustre toujours les \u00ab\u00a0points th\u00e9oriques\u00a0\u00bb par des exemples tir\u00e9s de ma vie avec mes enfants (autistes), de mon exp\u00e9rience de travail avec des enfants, des adolescents et des adultes autistes.<\/p>\n","protected":false},"excerpt":{"rendered":"<p>Bien que ce livre soit bas\u00e9 sur mes recherches et mon exp\u00e9rience de travail avec des enfants autistes, il traite de mon \u00e9volution en tant que m\u00e8re d&rsquo;un enfant autiste- d&rsquo;une m\u00e8re d\u00e9sorient\u00e9e et impuissante \u00e0 un \u00ab\u00a0parent-expert\u00a0\u00bb Le lecteur trouvera des similitudes avec son v\u00e9cu et verra comment les histoires (dans la premi\u00e8re partie de chaque chapitre) se rapportent \u00e0 ses propres enfants ou aux enfants qu&rsquo;il conna\u00eet. Avec un peu de chance, il trouvera des solutions \u00e0 de nombreux probl\u00e8mes (bien que celles-ci am\u00e8nent d&rsquo;autres questions qui n\u00e9cessiteront des r\u00e9ponses- apprendre sur l&rsquo;autisme ne s&rsquo;arr\u00eate jamais).<\/p>\n","protected":false},"featured_media":628,"template":"","meta":[],"product_brand":[],"product_cat":[18,27,19],"product_tag":[],"class_list":{"0":"post-627","1":"product","2":"type-product","3":"status-publish","4":"has-post-thumbnail","6":"product_cat-connaissance-de-lautisme","7":"product_cat-problemes-sensoriels","8":"product_cat-tous","10":"first","11":"instock","12":"taxable","13":"shipping-taxable","14":"purchasable","15":"product-type-variable"},"jetpack_sharing_enabled":true,"_links":{"self":[{"href":"https:\/\/www.autitools.eu\/index.php\/wp-json\/wp\/v2\/product\/627","targetHints":{"allow":["GET"]}}],"collection":[{"href":"https:\/\/www.autitools.eu\/index.php\/wp-json\/wp\/v2\/product"}],"about":[{"href":"https:\/\/www.autitools.eu\/index.php\/wp-json\/wp\/v2\/types\/product"}],"wp:featuredmedia":[{"embeddable":true,"href":"https:\/\/www.autitools.eu\/index.php\/wp-json\/wp\/v2\/media\/628"}],"wp:attachment":[{"href":"https:\/\/www.autitools.eu\/index.php\/wp-json\/wp\/v2\/media?parent=627"}],"wp:term":[{"taxonomy":"product_brand","embeddable":true,"href":"https:\/\/www.autitools.eu\/index.php\/wp-json\/wp\/v2\/product_brand?post=627"},{"taxonomy":"product_cat","embeddable":true,"href":"https:\/\/www.autitools.eu\/index.php\/wp-json\/wp\/v2\/product_cat?post=627"},{"taxonomy":"product_tag","embeddable":true,"href":"https:\/\/www.autitools.eu\/index.php\/wp-json\/wp\/v2\/product_tag?post=627"}],"curies":[{"name":"wp","href":"https:\/\/api.w.org\/{rel}","templated":true}]}}