{"id":72,"date":"2020-11-08T15:39:53","date_gmt":"2020-11-08T14:39:53","guid":{"rendered":"http:\/\/www.autitools.com\/autitools\/?post_type=product&#038;p=72"},"modified":"2025-11-11T18:19:40","modified_gmt":"2025-11-11T17:19:40","slug":"la-pensee-autistique-contexte-et-comprehension-p-vermelen","status":"publish","type":"product","link":"https:\/\/www.autitools.eu\/index.php\/produit\/la-pensee-autistique-contexte-et-comprehension-p-vermelen\/","title":{"rendered":"La pens\u00e9e autistique : Contexte et Compr\u00e9hension. P. Vermelen"},"content":{"rendered":"<p>\u00ab Peter Vermeulen apporte une perspective vraiment rafra\u00eechissante de l\u2019autisme et projette un \u00e9clairage nouveau sur notre vision tr\u00e8s imparfaite de ce trouble fascinant. Sa fa\u00e7on superbe de g\u00e9n\u00e9raliser le concept de \u00ab c\u00e9cit\u00e9 au contexte environnant \u00bb fournit une explication puissante des diverses manifestations des d\u00e9sordres du spectre autistique. Mais Peter Vermeulen fait beaucoup plus que nous pr\u00e9senter une th\u00e9orie et nous expliquer des sympt\u00f4mes. Son point de vue particulier et son immense exp\u00e9rience avec des personnes autistes de tous \u00e2ges et de tous niveaux dont les exemples \u00e9maillent ce livre lui permettent de nous transmettre des conseils tr\u00e8s pr\u00e9cieux. Par des exemples tr\u00e8s clairs, il nous d\u00e9montre qu\u2019il est possible de cr\u00e9er un environnement favorable \u00e0 l\u2019autisme et que chacun devrait \u00eatre plus sensible au contexte pour en tirer b\u00e9n\u00e9fice. \u00bb<br \/>\nUtah Frith, Experte mondiale de l\u2019autisme, c\u00e9l\u00e8bre sp\u00e9cialiste de la psychologie d\u00e9veloppementale et professeur \u00e0 \u00ab Institute of Cognitive Neuroscience and Department of Psychology, University coll\u00e8ge \u00bb Londres<\/p>\n","protected":false},"excerpt":{"rendered":"<p>Ce livre relie ce que les scientifiques ont d\u00e9couvert sur le mode de pens\u00e9e des personnes avec autisme et ce que les parents et intervenants doivent conna\u00eetre pour enseigner et pour accompagner efficacement ces personnes<\/p>\n","protected":false},"featured_media":77,"template":"","meta":[],"product_brand":[],"product_cat":[18,19],"product_tag":[],"class_list":{"0":"post-72","1":"product","2":"type-product","3":"status-publish","4":"has-post-thumbnail","6":"product_cat-connaissance-de-lautisme","7":"product_cat-tous","9":"first","10":"instock","11":"taxable","12":"shipping-taxable","13":"purchasable","14":"product-type-variable"},"jetpack_sharing_enabled":true,"_links":{"self":[{"href":"https:\/\/www.autitools.eu\/index.php\/wp-json\/wp\/v2\/product\/72","targetHints":{"allow":["GET"]}}],"collection":[{"href":"https:\/\/www.autitools.eu\/index.php\/wp-json\/wp\/v2\/product"}],"about":[{"href":"https:\/\/www.autitools.eu\/index.php\/wp-json\/wp\/v2\/types\/product"}],"wp:featuredmedia":[{"embeddable":true,"href":"https:\/\/www.autitools.eu\/index.php\/wp-json\/wp\/v2\/media\/77"}],"wp:attachment":[{"href":"https:\/\/www.autitools.eu\/index.php\/wp-json\/wp\/v2\/media?parent=72"}],"wp:term":[{"taxonomy":"product_brand","embeddable":true,"href":"https:\/\/www.autitools.eu\/index.php\/wp-json\/wp\/v2\/product_brand?post=72"},{"taxonomy":"product_cat","embeddable":true,"href":"https:\/\/www.autitools.eu\/index.php\/wp-json\/wp\/v2\/product_cat?post=72"},{"taxonomy":"product_tag","embeddable":true,"href":"https:\/\/www.autitools.eu\/index.php\/wp-json\/wp\/v2\/product_tag?post=72"}],"curies":[{"name":"wp","href":"https:\/\/api.w.org\/{rel}","templated":true}]}}