{"id":864,"date":"2025-11-12T16:26:51","date_gmt":"2025-11-12T15:26:51","guid":{"rendered":"https:\/\/www.autitools.eu\/?post_type=product&#038;p=864"},"modified":"2026-04-22T09:08:51","modified_gmt":"2026-04-22T07:08:51","slug":"lenfant-handicape-tous-les-dispositifs-juridiques-reglementaires-et-financiers-fonds-legros","status":"publish","type":"product","link":"https:\/\/www.autitools.eu\/index.php\/produit\/lenfant-handicape-tous-les-dispositifs-juridiques-reglementaires-et-financiers-fonds-legros\/","title":{"rendered":"L\u2019ENFANT HANDICAPE : TOUS LES DISPOSITIFS JURIDIQUES REGLEMENTAIRES ET FINANCIERS; Fonds Legros"},"content":{"rendered":"<p>L&rsquo;annonce du handicap d&rsquo;un enfant est un bouleversement profond dans la vie d&rsquo;une famille. C&rsquo;est un choc qui remet en question de nombreuses certitudes et qui oblige \u00e0 repenser l&rsquo;avenir de mani\u00e8re diff\u00e9rente. Au-del\u00e0 de la gestion du handicap lui-m\u00eame, les familles doivent se confronter \u00e0 un v\u00e9ritable labyrinthe de d\u00e9marches administratives. Les nombreux sigles, tels que MDPH (Maison D\u00e9partementale des Personnes Handicap\u00e9es), AEEH (Allocation d&rsquo;\u00c9ducation de l&rsquo;Enfant Handicap\u00e9), AAH (Allocation Adulte Handicap\u00e9), ou encore les diff\u00e9rentes institutions (IME, ITEP, FAM), t\u00e9moignent de la sp\u00e9cificit\u00e9 des parcours qui est souvent ressenti comme opaque, voire kafka\u00efen, par ceux qui ne sont pas familiers avec le syst\u00e8me. De la m\u00eame fa\u00e7on, les \u00ab\u00a0droits\u00a0\u00bb et les \u00ab\u00a0compensations\u00a0\u00bb sont nombreux, mais leur obtention r\u00e9pondent parfois \u00e0 des r\u00e8gles peu \u00e9videntes. Et bien s\u00fbr \u00ab\u00a0\u00eatre dans son droit\u00a0\u00bb et \u00ab\u00a0obtenir\u00a0\u00bb sont souvent deux choses bien diff\u00e9rentes. L&rsquo;ambition de ce livre est de clarifier le plus possible les diff\u00e9rents dispositifs, les r\u00f4les de chacun .. et les voies de recours.<\/p>\n","protected":false},"excerpt":{"rendered":"<p>L&rsquo;annonce du handicap d&rsquo;un enfant est un bouleversement profond dans la vie d&rsquo;une famille. C&rsquo;est un choc qui remet en question de nombreuses certitudes et qui oblige \u00e0 repenser l&rsquo;avenir de mani\u00e8re diff\u00e9rente. Au-del\u00e0 de la gestion du handicap lui-m\u00eame, les familles doivent se confronter \u00e0 un v\u00e9ritable labyrinthe de d\u00e9marches administratives. Les nombreux sigles, [&hellip;]<\/p>\n","protected":false},"featured_media":863,"template":"","meta":[],"product_brand":[],"product_cat":[15,28],"product_tag":[],"class_list":{"0":"post-864","1":"product","2":"type-product","3":"status-publish","4":"has-post-thumbnail","6":"product_cat-non-classe","7":"product_cat-nouveautes","9":"first","10":"instock","11":"taxable","12":"shipping-taxable","13":"purchasable","14":"product-type-variable"},"jetpack_sharing_enabled":true,"_links":{"self":[{"href":"https:\/\/www.autitools.eu\/index.php\/wp-json\/wp\/v2\/product\/864","targetHints":{"allow":["GET"]}}],"collection":[{"href":"https:\/\/www.autitools.eu\/index.php\/wp-json\/wp\/v2\/product"}],"about":[{"href":"https:\/\/www.autitools.eu\/index.php\/wp-json\/wp\/v2\/types\/product"}],"wp:featuredmedia":[{"embeddable":true,"href":"https:\/\/www.autitools.eu\/index.php\/wp-json\/wp\/v2\/media\/863"}],"wp:attachment":[{"href":"https:\/\/www.autitools.eu\/index.php\/wp-json\/wp\/v2\/media?parent=864"}],"wp:term":[{"taxonomy":"product_brand","embeddable":true,"href":"https:\/\/www.autitools.eu\/index.php\/wp-json\/wp\/v2\/product_brand?post=864"},{"taxonomy":"product_cat","embeddable":true,"href":"https:\/\/www.autitools.eu\/index.php\/wp-json\/wp\/v2\/product_cat?post=864"},{"taxonomy":"product_tag","embeddable":true,"href":"https:\/\/www.autitools.eu\/index.php\/wp-json\/wp\/v2\/product_tag?post=864"}],"curies":[{"name":"wp","href":"https:\/\/api.w.org\/{rel}","templated":true}]}}