{"id":872,"date":"2025-11-12T16:52:05","date_gmt":"2025-11-12T15:52:05","guid":{"rendered":"https:\/\/www.autitools.eu\/?post_type=product&#038;p=872"},"modified":"2026-04-22T09:09:18","modified_gmt":"2026-04-22T07:09:18","slug":"ladulte-handicape-tous-les-dispositifs-juridiques-reglementaires-et-financiers-fonds-legros","status":"publish","type":"product","link":"https:\/\/www.autitools.eu\/index.php\/produit\/ladulte-handicape-tous-les-dispositifs-juridiques-reglementaires-et-financiers-fonds-legros\/","title":{"rendered":"L\u2019ADULTE HANDICAPE : TOUS LES DISPOSITIFS JURIDIQUES REGLEMENTAIRES ET FINANCIERS ; Fonds Legros"},"content":{"rendered":"<p>Au-del\u00e0 de la gestion du handicap lui-m\u00eame, les personnes handicap\u00e9es doivent se confronter \u00e0 un v\u00e9ritable labyrinthe de d\u00e9marches administratives. Les nombreux sigles, tels que MDPH (Maison D\u00e9partementale des Personnes Handicap\u00e9es), AAH (Allocation Adulte Handicap\u00e9), ou encore les diff\u00e9rentes institutions (MAS, ITEP, FAM), t\u00e9moignent de la sp\u00e9cificit\u00e9 des parcours qui est souvent ressenti comme opaque, voire kafka\u00efen, par ceux qui ne sont pas familiers avec le syst\u00e8me. De la m\u00eame fa\u00e7on, les \u00ab\u00a0droits\u00a0\u00bb et les \u00ab\u00a0compensations\u00a0\u00bb sont nombreux, mais leur obtention r\u00e9pondent parfois \u00e0 des r\u00e8gles peu \u00e9videntes. Et bien s\u00fbr \u00ab\u00a0\u00eatre dans son droit\u00a0\u00bb et \u00ab\u00a0obtenir\u00a0\u00bb sont souvent deux choses bien diff\u00e9rentes. L&rsquo;ambition de ce livre est de clarifier le plus possible les diff\u00e9rents dispositifs, les r\u00f4les de chacun .. et les voies de recours.<\/p>\n","protected":false},"excerpt":{"rendered":"<p>Au-del\u00e0 de la gestion du handicap lui-m\u00eame, les personnes handicap\u00e9es doivent se confronter \u00e0 un v\u00e9ritable labyrinthe de d\u00e9marches administratives. Les nombreux sigles, tels que MDPH (Maison D\u00e9partementale des Personnes Handicap\u00e9es), AAH (Allocation Adulte Handicap\u00e9), ou encore les diff\u00e9rentes institutions (MAS, ITEP, FAM), t\u00e9moignent de la sp\u00e9cificit\u00e9 des parcours qui est souvent ressenti comme opaque, [&hellip;]<\/p>\n","protected":false},"featured_media":869,"template":"","meta":[],"product_brand":[],"product_cat":[15],"product_tag":[],"class_list":{"0":"post-872","1":"product","2":"type-product","3":"status-publish","4":"has-post-thumbnail","6":"product_cat-non-classe","8":"first","9":"instock","10":"taxable","11":"shipping-taxable","12":"purchasable","13":"product-type-variable"},"jetpack_sharing_enabled":true,"_links":{"self":[{"href":"https:\/\/www.autitools.eu\/index.php\/wp-json\/wp\/v2\/product\/872","targetHints":{"allow":["GET"]}}],"collection":[{"href":"https:\/\/www.autitools.eu\/index.php\/wp-json\/wp\/v2\/product"}],"about":[{"href":"https:\/\/www.autitools.eu\/index.php\/wp-json\/wp\/v2\/types\/product"}],"wp:featuredmedia":[{"embeddable":true,"href":"https:\/\/www.autitools.eu\/index.php\/wp-json\/wp\/v2\/media\/869"}],"wp:attachment":[{"href":"https:\/\/www.autitools.eu\/index.php\/wp-json\/wp\/v2\/media?parent=872"}],"wp:term":[{"taxonomy":"product_brand","embeddable":true,"href":"https:\/\/www.autitools.eu\/index.php\/wp-json\/wp\/v2\/product_brand?post=872"},{"taxonomy":"product_cat","embeddable":true,"href":"https:\/\/www.autitools.eu\/index.php\/wp-json\/wp\/v2\/product_cat?post=872"},{"taxonomy":"product_tag","embeddable":true,"href":"https:\/\/www.autitools.eu\/index.php\/wp-json\/wp\/v2\/product_tag?post=872"}],"curies":[{"name":"wp","href":"https:\/\/api.w.org\/{rel}","templated":true}]}}