{"id":98,"date":"2020-11-09T19:59:42","date_gmt":"2020-11-09T18:59:42","guid":{"rendered":"http:\/\/www.autitools.com\/autitools\/?post_type=product&#038;p=98"},"modified":"2025-11-11T18:17:31","modified_gmt":"2025-11-11T17:17:31","slug":"livre-blanc-dautisme-france","status":"publish","type":"product","link":"https:\/\/www.autitools.eu\/index.php\/produit\/livre-blanc-dautisme-france\/","title":{"rendered":"Livre Blanc 1993 d&rsquo;Autisme France"},"content":{"rendered":"<p>En 1993, pour que le gouvernement fran\u00e7ais prenne conscience des difficult\u00e9s des personnes autistes et de leurs familles, Autisme France a demand\u00e9 \u00e0 ses adh\u00e9rents d&rsquo;envoyer un courrier d\u00e9crivant leur vie, leur parcours, leurs difficult\u00e9s. Une partie de ces t\u00e9moignages ont \u00e9t\u00e9 regroup\u00e9s dans un \u00ab\u00a0Livre Blanc\u00a0\u00bb qui, pr\u00e9sent\u00e9 lors d&rsquo;une conf\u00e9rence de presse nationale, a ouvert la voie au 1er plan autisme. Un document passionnant.<\/p>\n","protected":false},"excerpt":{"rendered":"<p>En 1993, pour que le gouvernement fran\u00e7ais prenne conscience des difficult\u00e9s des personnes autistes et de leurs familles, Autisme France a demand\u00e9 \u00e0 ses adh\u00e9rents d&rsquo;envoyer un courrier d\u00e9crivant leur vie, leur parcours, leurs difficult\u00e9s. Une partie de ces t\u00e9moignages ont \u00e9t\u00e9 regroup\u00e9s dans un \u00ab\u00a0Livre Blanc\u00a0\u00bb qui, pr\u00e9sent\u00e9 lors d&rsquo;une conf\u00e9rence de presse nationale, [&hellip;]<\/p>\n","protected":false},"featured_media":100,"template":"","meta":[],"product_brand":[],"product_cat":[30],"product_tag":[],"class_list":{"0":"post-98","1":"product","2":"type-product","3":"status-publish","4":"has-post-thumbnail","6":"product_cat-gratuit","8":"first","9":"instock","10":"taxable","11":"shipping-taxable","12":"purchasable","13":"product-type-variable"},"jetpack_sharing_enabled":true,"_links":{"self":[{"href":"https:\/\/www.autitools.eu\/index.php\/wp-json\/wp\/v2\/product\/98","targetHints":{"allow":["GET"]}}],"collection":[{"href":"https:\/\/www.autitools.eu\/index.php\/wp-json\/wp\/v2\/product"}],"about":[{"href":"https:\/\/www.autitools.eu\/index.php\/wp-json\/wp\/v2\/types\/product"}],"wp:featuredmedia":[{"embeddable":true,"href":"https:\/\/www.autitools.eu\/index.php\/wp-json\/wp\/v2\/media\/100"}],"wp:attachment":[{"href":"https:\/\/www.autitools.eu\/index.php\/wp-json\/wp\/v2\/media?parent=98"}],"wp:term":[{"taxonomy":"product_brand","embeddable":true,"href":"https:\/\/www.autitools.eu\/index.php\/wp-json\/wp\/v2\/product_brand?post=98"},{"taxonomy":"product_cat","embeddable":true,"href":"https:\/\/www.autitools.eu\/index.php\/wp-json\/wp\/v2\/product_cat?post=98"},{"taxonomy":"product_tag","embeddable":true,"href":"https:\/\/www.autitools.eu\/index.php\/wp-json\/wp\/v2\/product_tag?post=98"}],"curies":[{"name":"wp","href":"https:\/\/api.w.org\/{rel}","templated":true}]}}